{"id":8,"date":"2022-02-28T09:40:09","date_gmt":"2022-02-28T09:40:09","guid":{"rendered":"https:\/\/suadienthoai.click\/?page_id=8"},"modified":"2022-02-28T09:40:09","modified_gmt":"2022-02-28T09:40:09","slug":"lien-he","status":"publish","type":"page","link":"https:\/\/suadienthoai.click\/index.php\/lien-he\/","title":{"rendered":"Li\u00ean h\u1ec7"},"content":{"rendered":"\n<p>Trang n\u00e0y c\u00f3 c\u00e1c th\u00f4ng tin li\u00ean l\u1ea1c, v\u00ed d\u1ee5 nh\u01b0 \u0111\u1ecba ch\u1ec9 v\u00e0 \u0111i\u1ec7n tho\u1ea1i. B\u1ea1n c\u00f3 th\u1ec3 th\u1eed c\u00e0i \u1ee9ng d\u1ee5ng \u0111\u1ec3 th\u00eam ph\u1ea7n li\u00ean l\u1ea1c<\/p>\n","protected":false},"excerpt":{"rendered":"<p>Trang n\u00e0y c\u00f3 c\u00e1c th\u00f4ng tin li\u00ean l\u1ea1c, v\u00ed d\u1ee5 nh\u01b0 \u0111\u1ecba ch\u1ec9 v\u00e0 \u0111i\u1ec7n tho\u1ea1i. B\u1ea1n c\u00f3 th\u1ec3 th\u1eed c\u00e0i \u1ee9ng d\u1ee5ng \u0111\u1ec3 th\u00eam ph\u1ea7n li\u00ean l\u1ea1c<\/p>\n","protected":false},"author":1,"featured_media":0,"parent":0,"menu_order":0,"comment_status":"closed","ping_status":"closed","template":"","meta":{"footnotes":""},"class_list":["post-8","page","type-page","status-publish","hentry"],"yoast_head":"<!-- This site is optimized with the Yoast SEO plugin v18.2 - https:\/\/yoast.com\/wordpress\/plugins\/seo\/ -->\n<title>Li\u00ean h\u1ec7 - S\u1eeda ch\u1eefa \u0111i\u1ec7n tho\u1ea1i - Th\u1ebf gi\u1edbi mobile<\/title>\n<meta name=\"robots\" content=\"index, follow, max-snippet:-1, max-image-preview:large, max-video-preview:-1\" \/>\n<link rel=\"canonical\" href=\"https:\/\/suadienthoai.click\/index.php\/lien-he\/\" \/>\n<meta property=\"og:locale\" content=\"vi_VN\" \/>\n<meta property=\"og:type\" content=\"article\" \/>\n<meta property=\"og:title\" content=\"Li\u00ean h\u1ec7 - S\u1eeda ch\u1eefa \u0111i\u1ec7n tho\u1ea1i - Th\u1ebf gi\u1edbi mobile\" \/>\n<meta property=\"og:description\" content=\"Trang n\u00e0y c\u00f3 c\u00e1c th\u00f4ng tin li\u00ean l\u1ea1c, v\u00ed d\u1ee5 nh\u01b0 \u0111\u1ecba ch\u1ec9 v\u00e0 \u0111i\u1ec7n tho\u1ea1i. B\u1ea1n c\u00f3 th\u1ec3 th\u1eed c\u00e0i \u1ee9ng d\u1ee5ng \u0111\u1ec3 th\u00eam ph\u1ea7n li\u00ean l\u1ea1c\" \/>\n<meta property=\"og:url\" content=\"https:\/\/suadienthoai.click\/index.php\/lien-he\/\" \/>\n<meta property=\"og:site_name\" content=\"S\u1eeda ch\u1eefa \u0111i\u1ec7n tho\u1ea1i - Th\u1ebf gi\u1edbi mobile\" \/>\n<meta name=\"twitter:card\" content=\"summary_large_image\" \/>\n<script type=\"application\/ld+json\" class=\"yoast-schema-graph\">{\"@context\":\"https:\/\/schema.org\",\"@graph\":[{\"@type\":[\"Person\",\"Organization\"],\"@id\":\"https:\/\/suadienthoai.click\/#\/schema\/person\/24c040d2aa8b1e8c9d8b6cfa1dc9c7a2\",\"name\":\"buichinh91\",\"image\":{\"@type\":\"ImageObject\",\"@id\":\"https:\/\/suadienthoai.click\/#personlogo\",\"inLanguage\":\"vi\",\"url\":\"https:\/\/suadienthoai.click\/wp-content\/uploads\/2022\/03\/2022_03_07_00_20_IMG_1662-scaled.jpg\",\"contentUrl\":\"https:\/\/suadienthoai.click\/wp-content\/uploads\/2022\/03\/2022_03_07_00_20_IMG_1662-scaled.jpg\",\"width\":1920,\"height\":2560,\"caption\":\"buichinh91\"},\"logo\":{\"@id\":\"https:\/\/suadienthoai.click\/#personlogo\"},\"sameAs\":[\"https:\/\/suadienthoai.click\"]},{\"@type\":\"WebSite\",\"@id\":\"https:\/\/suadienthoai.click\/#website\",\"url\":\"https:\/\/suadienthoai.click\/\",\"name\":\"S\u1eeda ch\u1eefa \u0111i\u1ec7n tho\u1ea1i - Th\u1ebf gi\u1edbi mobile\",\"description\":\"S\u1eeda Ch\u1eefa \u0110i\u1ec7n Tho\u1ea1i Uy T\u00edn L\u1ea5y Ngay T\u1ea1i H\u00e0 N\u1ed9i\",\"publisher\":{\"@id\":\"https:\/\/suadienthoai.click\/#\/schema\/person\/24c040d2aa8b1e8c9d8b6cfa1dc9c7a2\"},\"potentialAction\":[{\"@type\":\"SearchAction\",\"target\":{\"@type\":\"EntryPoint\",\"urlTemplate\":\"https:\/\/suadienthoai.click\/?s={search_term_string}\"},\"query-input\":\"required name=search_term_string\"}],\"inLanguage\":\"vi\"},{\"@type\":\"WebPage\",\"@id\":\"https:\/\/suadienthoai.click\/index.php\/lien-he\/#webpage\",\"url\":\"https:\/\/suadienthoai.click\/index.php\/lien-he\/\",\"name\":\"Li\u00ean h\u1ec7 - S\u1eeda ch\u1eefa \u0111i\u1ec7n tho\u1ea1i - Th\u1ebf gi\u1edbi mobile\",\"isPartOf\":{\"@id\":\"https:\/\/suadienthoai.click\/#website\"},\"datePublished\":\"2022-02-28T09:40:09+00:00\",\"dateModified\":\"2022-02-28T09:40:09+00:00\",\"breadcrumb\":{\"@id\":\"https:\/\/suadienthoai.click\/index.php\/lien-he\/#breadcrumb\"},\"inLanguage\":\"vi\",\"potentialAction\":[{\"@type\":\"ReadAction\",\"target\":[\"https:\/\/suadienthoai.click\/index.php\/lien-he\/\"]}]},{\"@type\":\"BreadcrumbList\",\"@id\":\"https:\/\/suadienthoai.click\/index.php\/lien-he\/#breadcrumb\",\"itemListElement\":[{\"@type\":\"ListItem\",\"position\":1,\"name\":\"Trang ch\u1ee7\",\"item\":\"https:\/\/suadienthoai.click\/\"},{\"@type\":\"ListItem\",\"position\":2,\"name\":\"Li\u00ean h\u1ec7\"}]}]}<\/script>\n<!-- \/ Yoast SEO plugin. -->","yoast_head_json":{"title":"Li\u00ean h\u1ec7 - S\u1eeda ch\u1eefa \u0111i\u1ec7n tho\u1ea1i - Th\u1ebf gi\u1edbi mobile","robots":{"index":"index","follow":"follow","max-snippet":"max-snippet:-1","max-image-preview":"max-image-preview:large","max-video-preview":"max-video-preview:-1"},"canonical":"https:\/\/suadienthoai.click\/index.php\/lien-he\/","og_locale":"vi_VN","og_type":"article","og_title":"Li\u00ean h\u1ec7 - S\u1eeda ch\u1eefa \u0111i\u1ec7n tho\u1ea1i - Th\u1ebf gi\u1edbi mobile","og_description":"Trang n\u00e0y c\u00f3 c\u00e1c th\u00f4ng tin li\u00ean l\u1ea1c, v\u00ed d\u1ee5 nh\u01b0 \u0111\u1ecba ch\u1ec9 v\u00e0 \u0111i\u1ec7n tho\u1ea1i. B\u1ea1n c\u00f3 th\u1ec3 th\u1eed c\u00e0i \u1ee9ng d\u1ee5ng \u0111\u1ec3 th\u00eam ph\u1ea7n li\u00ean l\u1ea1c","og_url":"https:\/\/suadienthoai.click\/index.php\/lien-he\/","og_site_name":"S\u1eeda ch\u1eefa \u0111i\u1ec7n tho\u1ea1i - Th\u1ebf gi\u1edbi mobile","twitter_card":"summary_large_image","schema":{"@context":"https:\/\/schema.org","@graph":[{"@type":["Person","Organization"],"@id":"https:\/\/suadienthoai.click\/#\/schema\/person\/24c040d2aa8b1e8c9d8b6cfa1dc9c7a2","name":"buichinh91","image":{"@type":"ImageObject","@id":"https:\/\/suadienthoai.click\/#personlogo","inLanguage":"vi","url":"https:\/\/suadienthoai.click\/wp-content\/uploads\/2022\/03\/2022_03_07_00_20_IMG_1662-scaled.jpg","contentUrl":"https:\/\/suadienthoai.click\/wp-content\/uploads\/2022\/03\/2022_03_07_00_20_IMG_1662-scaled.jpg","width":1920,"height":2560,"caption":"buichinh91"},"logo":{"@id":"https:\/\/suadienthoai.click\/#personlogo"},"sameAs":["https:\/\/suadienthoai.click"]},{"@type":"WebSite","@id":"https:\/\/suadienthoai.click\/#website","url":"https:\/\/suadienthoai.click\/","name":"S\u1eeda ch\u1eefa \u0111i\u1ec7n tho\u1ea1i - Th\u1ebf gi\u1edbi mobile","description":"S\u1eeda Ch\u1eefa \u0110i\u1ec7n Tho\u1ea1i Uy T\u00edn L\u1ea5y Ngay T\u1ea1i H\u00e0 N\u1ed9i","publisher":{"@id":"https:\/\/suadienthoai.click\/#\/schema\/person\/24c040d2aa8b1e8c9d8b6cfa1dc9c7a2"},"potentialAction":[{"@type":"SearchAction","target":{"@type":"EntryPoint","urlTemplate":"https:\/\/suadienthoai.click\/?s={search_term_string}"},"query-input":"required name=search_term_string"}],"inLanguage":"vi"},{"@type":"WebPage","@id":"https:\/\/suadienthoai.click\/index.php\/lien-he\/#webpage","url":"https:\/\/suadienthoai.click\/index.php\/lien-he\/","name":"Li\u00ean h\u1ec7 - S\u1eeda ch\u1eefa \u0111i\u1ec7n tho\u1ea1i - Th\u1ebf gi\u1edbi mobile","isPartOf":{"@id":"https:\/\/suadienthoai.click\/#website"},"datePublished":"2022-02-28T09:40:09+00:00","dateModified":"2022-02-28T09:40:09+00:00","breadcrumb":{"@id":"https:\/\/suadienthoai.click\/index.php\/lien-he\/#breadcrumb"},"inLanguage":"vi","potentialAction":[{"@type":"ReadAction","target":["https:\/\/suadienthoai.click\/index.php\/lien-he\/"]}]},{"@type":"BreadcrumbList","@id":"https:\/\/suadienthoai.click\/index.php\/lien-he\/#breadcrumb","itemListElement":[{"@type":"ListItem","position":1,"name":"Trang ch\u1ee7","item":"https:\/\/suadienthoai.click\/"},{"@type":"ListItem","position":2,"name":"Li\u00ean h\u1ec7"}]}]}},"_links":{"self":[{"href":"https:\/\/suadienthoai.click\/index.php\/wp-json\/wp\/v2\/pages\/8","targetHints":{"allow":["GET"]}}],"collection":[{"href":"https:\/\/suadienthoai.click\/index.php\/wp-json\/wp\/v2\/pages"}],"about":[{"href":"https:\/\/suadienthoai.click\/index.php\/wp-json\/wp\/v2\/types\/page"}],"author":[{"embeddable":true,"href":"https:\/\/suadienthoai.click\/index.php\/wp-json\/wp\/v2\/users\/1"}],"replies":[{"embeddable":true,"href":"https:\/\/suadienthoai.click\/index.php\/wp-json\/wp\/v2\/comments?post=8"}],"version-history":[{"count":2,"href":"https:\/\/suadienthoai.click\/index.php\/wp-json\/wp\/v2\/pages\/8\/revisions"}],"predecessor-version":[{"id":59,"href":"https:\/\/suadienthoai.click\/index.php\/wp-json\/wp\/v2\/pages\/8\/revisions\/59"}],"wp:attachment":[{"href":"https:\/\/suadienthoai.click\/index.php\/wp-json\/wp\/v2\/media?parent=8"}],"curies":[{"name":"wp","href":"https:\/\/api.w.org\/{rel}","templated":true}]}}